{"id":2322,"date":"2023-01-04T08:34:01","date_gmt":"2023-01-04T08:34:01","guid":{"rendered":"https:\/\/uus.kaariku.ee\/broneeri-majutus\/"},"modified":"2023-01-04T15:57:35","modified_gmt":"2023-01-04T15:57:35","slug":"broneeri-majutus","status":"publish","type":"page","link":"https:\/\/uus.kaariku.ee\/en\/broneeri-majutus\/","title":{"rendered":"Book Accommodation"},"content":{"rendered":"\n<p><strong>Address: <\/strong>K\u00e4\u00e4riku k\u00fcla, Valgamaa, Otep\u00e4\u00e4 parish, 67301 K\u00e4\u00e4riku, Estonia<br><strong>Information and booking<\/strong>: (+372) 766 560<br><strong>E-mail<\/strong>: kaariku@tehvandi.ee<\/p>\n\n\n\n<div class=\"wp-block-media-text alignwide is-stacked-on-mobile\" style=\"grid-template-columns:30% auto\"><figure class=\"wp-block-media-text__media\"><img decoding=\"async\" loading=\"lazy\" width=\"1024\" height=\"682\" src=\"https:\/\/kaariku.ee\/wp-content\/uploads\/2022\/09\/Kaariku-hotell-ja-spordihoone-1024x682.jpg\" alt=\"\" class=\"wp-image-683 size-full\" srcset=\"https:\/\/uus.kaariku.ee\/wp-content\/uploads\/2022\/09\/Kaariku-hotell-ja-spordihoone-1024x682.jpg 1024w, https:\/\/uus.kaariku.ee\/wp-content\/uploads\/2022\/09\/Kaariku-hotell-ja-spordihoone-300x200.jpg 300w, https:\/\/uus.kaariku.ee\/wp-content\/uploads\/2022\/09\/Kaariku-hotell-ja-spordihoone-768x512.jpg 768w, https:\/\/uus.kaariku.ee\/wp-content\/uploads\/2022\/09\/Kaariku-hotell-ja-spordihoone-1536x1023.jpg 1536w, https:\/\/uus.kaariku.ee\/wp-content\/uploads\/2022\/09\/Kaariku-hotell-ja-spordihoone-2048x1364.jpg 2048w, https:\/\/uus.kaariku.ee\/wp-content\/uploads\/2022\/09\/Kaariku-hotell-ja-spordihoone-500x333.jpg 500w\" sizes=\"(max-width: 1024px) 100vw, 1024px\" \/><\/figure><div class=\"wp-block-media-text__content\">\n<h2>K\u00e4\u00e4riku Hotel<\/h2>\n\n\n\n<p>Offering a barbecue and ski-to-door access, K\u00e4\u00e4riku Hotel is situated in K\u00e4\u00e4riku. Guests can enjoy the on-site snack bar.<\/p>\n\n\n<a href=\"https:\/\/www.booking.com\/hotel\/ee\/kaariku-spordikeskus.en-gb.html\" class=\"btn btn-primary side_bronn\" type=\"button\">Book Accommodation at Booking.com<\/a>\n<\/div><\/div>\n\n\n\n<div class=\"wp-block-media-text alignwide is-stacked-on-mobile\" style=\"grid-template-columns:30% auto\"><figure class=\"wp-block-media-text__media\"><img decoding=\"async\" loading=\"lazy\" width=\"1024\" height=\"682\" src=\"https:\/\/kaariku.ee\/wp-content\/uploads\/2022\/09\/sportland-1024x682.jpg\" alt=\"\" class=\"wp-image-299 size-full\" srcset=\"https:\/\/uus.kaariku.ee\/wp-content\/uploads\/2022\/09\/sportland-1024x682.jpg 1024w, https:\/\/uus.kaariku.ee\/wp-content\/uploads\/2022\/09\/sportland-300x200.jpg 300w, https:\/\/uus.kaariku.ee\/wp-content\/uploads\/2022\/09\/sportland-768x512.jpg 768w, https:\/\/uus.kaariku.ee\/wp-content\/uploads\/2022\/09\/sportland-1536x1023.jpg 1536w, https:\/\/uus.kaariku.ee\/wp-content\/uploads\/2022\/09\/sportland-500x333.jpg 500w, https:\/\/uus.kaariku.ee\/wp-content\/uploads\/2022\/09\/sportland.jpg 1726w\" sizes=\"(max-width: 1024px) 100vw, 1024px\" \/><\/figure><div class=\"wp-block-media-text__content\">\n<h2>K\u00e4\u00e4riku Team Cabin<\/h2>\n\n\n\n<p>Featuring a shared lounge, a terrace, and a restaurant, K\u00e4\u00e4riku Team Cabin provides accommodation in Otep\u00e4\u00e4 with free WiFi and lake views. Free private parking and a shared kitchen.<\/p>\n\n\n<a href=\"https:\/\/www.booking.com\/hotel\/ee\/kaariku-team-cabin.en-gb.html\" class=\"btn btn-primary side_bronn\" type=\"button\">Book Accommodation at Booking.com<\/a>\n<\/div><\/div>\n\n\n\n<div class=\"wp-block-media-text alignwide is-stacked-on-mobile\" style=\"grid-template-columns:30% auto\"><figure class=\"wp-block-media-text__media\"><img decoding=\"async\" loading=\"lazy\" width=\"1024\" height=\"684\" src=\"https:\/\/kaariku.ee\/wp-content\/uploads\/2022\/09\/DSC_1801-HDR-1024x684.jpg\" alt=\"\" class=\"wp-image-236 size-full\" srcset=\"https:\/\/uus.kaariku.ee\/wp-content\/uploads\/2022\/09\/DSC_1801-HDR-1024x684.jpg 1024w, https:\/\/uus.kaariku.ee\/wp-content\/uploads\/2022\/09\/DSC_1801-HDR-300x200.jpg 300w, https:\/\/uus.kaariku.ee\/wp-content\/uploads\/2022\/09\/DSC_1801-HDR-768x513.jpg 768w, https:\/\/uus.kaariku.ee\/wp-content\/uploads\/2022\/09\/DSC_1801-HDR-1536x1025.jpg 1536w, https:\/\/uus.kaariku.ee\/wp-content\/uploads\/2022\/09\/DSC_1801-HDR-500x334.jpg 500w, https:\/\/uus.kaariku.ee\/wp-content\/uploads\/2022\/09\/DSC_1801-HDR.jpg 2048w\" sizes=\"(max-width: 1024px) 100vw, 1024px\" \/><\/figure><div class=\"wp-block-media-text__content\">\n<h2>K\u00e4\u00e4riku Hostel<\/h2>\n\n\n\n<p>K\u00e4\u00e4riku Hostel has a shared lounge, terrace and free WiFi throughout the property..<\/p>\n\n\n<a href=\"https:\/\/www.booking.com\/hotel\/ee\/kaariku-hostel.en-gb.html\" class=\"btn btn-primary side_bronn\" type=\"button\">Book Accommodation at Booking.com<\/a>\n<\/div><\/div>\n\n\n\n<div class=\"wp-block-media-text alignwide is-stacked-on-mobile\" style=\"grid-template-columns:30% auto\"><figure class=\"wp-block-media-text__media\"><img decoding=\"async\" loading=\"lazy\" width=\"1024\" height=\"533\" src=\"https:\/\/kaariku.ee\/wp-content\/uploads\/2022\/10\/fp_bg_majutus-1024x533.jpg\" alt=\"\" class=\"wp-image-700 size-full\" srcset=\"https:\/\/uus.kaariku.ee\/wp-content\/uploads\/2022\/10\/fp_bg_majutus-1024x533.jpg 1024w, https:\/\/uus.kaariku.ee\/wp-content\/uploads\/2022\/10\/fp_bg_majutus-300x156.jpg 300w, https:\/\/uus.kaariku.ee\/wp-content\/uploads\/2022\/10\/fp_bg_majutus-768x400.jpg 768w, https:\/\/uus.kaariku.ee\/wp-content\/uploads\/2022\/10\/fp_bg_majutus-1536x800.jpg 1536w, https:\/\/uus.kaariku.ee\/wp-content\/uploads\/2022\/10\/fp_bg_majutus-500x260.jpg 500w, https:\/\/uus.kaariku.ee\/wp-content\/uploads\/2022\/10\/fp_bg_majutus.jpg 1920w\" sizes=\"(max-width: 1024px) 100vw, 1024px\" \/><\/figure><div class=\"wp-block-media-text__content\">\n<h2>K\u00e4\u00e4riku \u00d6\u00d6D H\u00d6TELS 1<\/h2>\n\n\n\n<p>Free private parking, the apartment is in an area where guests can engage in activities such as hiking and fishing.<\/p>\n\n\n<a href=\"https:\/\/www.booking.com\/hotel\/ee\/kaariku-ood-hotels-1.en-gb.html\" class=\"btn btn-primary side_bronn\" type=\"button\">Book Accommodation at Booking.com<\/a>\n<\/div><\/div>\n\n\n\n<div class=\"wp-block-media-text alignwide is-stacked-on-mobile\" style=\"grid-template-columns:30% auto\"><figure class=\"wp-block-media-text__media\"><img decoding=\"async\" loading=\"lazy\" width=\"1024\" height=\"533\" src=\"https:\/\/kaariku.ee\/wp-content\/uploads\/2022\/10\/fp_bg_majutus-1024x533.jpg\" alt=\"\" class=\"wp-image-700 size-full\" srcset=\"https:\/\/uus.kaariku.ee\/wp-content\/uploads\/2022\/10\/fp_bg_majutus-1024x533.jpg 1024w, https:\/\/uus.kaariku.ee\/wp-content\/uploads\/2022\/10\/fp_bg_majutus-300x156.jpg 300w, https:\/\/uus.kaariku.ee\/wp-content\/uploads\/2022\/10\/fp_bg_majutus-768x400.jpg 768w, https:\/\/uus.kaariku.ee\/wp-content\/uploads\/2022\/10\/fp_bg_majutus-1536x800.jpg 1536w, https:\/\/uus.kaariku.ee\/wp-content\/uploads\/2022\/10\/fp_bg_majutus-500x260.jpg 500w, https:\/\/uus.kaariku.ee\/wp-content\/uploads\/2022\/10\/fp_bg_majutus.jpg 1920w\" sizes=\"(max-width: 1024px) 100vw, 1024px\" \/><\/figure><div class=\"wp-block-media-text__content\">\n<h2>K\u00e4\u00e4riku \u00d6\u00d6D H\u00d6TELS 2<\/h2>\n\n\n\n<p>Offering direct access to a terrace, the air-conditioned apartment consists of 1 bedroom. A flat-screen TV is available.<\/p>\n\n\n<a href=\"https:\/\/www.booking.com\/hotel\/ee\/kaariku-ood-hotels-2.en-gb.html\" class=\"btn btn-primary side_bronn\" type=\"button\">Book Accommodation at Booking.com<\/a>\n<\/div><\/div>\n","protected":false},"excerpt":{"rendered":"<p>Address: K\u00e4\u00e4riku k\u00fcla, Valgamaa, Otep\u00e4\u00e4 parish, 67301 K\u00e4\u00e4riku, EstoniaInformation and booking: (+372) &#8230;<\/p>\n","protected":false},"author":2,"featured_media":1295,"parent":0,"menu_order":0,"comment_status":"closed","ping_status":"closed","template":"","meta":[],"acf":[],"_links":{"self":[{"href":"https:\/\/uus.kaariku.ee\/en\/wp-json\/wp\/v2\/pages\/2322"}],"collection":[{"href":"https:\/\/uus.kaariku.ee\/en\/wp-json\/wp\/v2\/pages"}],"about":[{"href":"https:\/\/uus.kaariku.ee\/en\/wp-json\/wp\/v2\/types\/page"}],"author":[{"embeddable":true,"href":"https:\/\/uus.kaariku.ee\/en\/wp-json\/wp\/v2\/users\/2"}],"replies":[{"embeddable":true,"href":"https:\/\/uus.kaariku.ee\/en\/wp-json\/wp\/v2\/comments?post=2322"}],"version-history":[{"count":12,"href":"https:\/\/uus.kaariku.ee\/en\/wp-json\/wp\/v2\/pages\/2322\/revisions"}],"predecessor-version":[{"id":2353,"href":"https:\/\/uus.kaariku.ee\/en\/wp-json\/wp\/v2\/pages\/2322\/revisions\/2353"}],"wp:featuredmedia":[{"embeddable":true,"href":"https:\/\/uus.kaariku.ee\/en\/wp-json\/wp\/v2\/media\/1295"}],"wp:attachment":[{"href":"https:\/\/uus.kaariku.ee\/en\/wp-json\/wp\/v2\/media?parent=2322"}],"curies":[{"name":"wp","href":"https:\/\/api.w.org\/{rel}","templated":true}]}}