{"id":1382,"date":"2022-09-18T23:36:14","date_gmt":"2022-09-18T23:36:14","guid":{"rendered":"https:\/\/uus.kaariku.ee\/kontakt\/"},"modified":"2022-09-18T23:36:14","modified_gmt":"2022-09-18T23:36:14","slug":"kontakt","status":"publish","type":"page","link":"https:\/\/uus.kaariku.ee\/ru\/kontakt\/","title":{"rendered":"Kontakt"},"content":{"rendered":"\n<div class=\"is-layout-flex wp-container-9 wp-block-columns\">\n<div class=\"is-layout-flow wp-block-column\" style=\"flex-basis:100%\">\n<div class=\"is-layout-flow wp-block-group\"><div class=\"wp-block-group__inner-container\">\n<div class=\"is-layout-flow wp-block-group\"><div class=\"wp-block-group__inner-container\">\n<div class=\"is-layout-flow wp-block-group\"><div class=\"wp-block-group__inner-container\">\n<div class=\"is-layout-flex wp-container-4 wp-block-columns\">\n<div class=\"is-layout-flow wp-block-column\">\n<p><strong><strong>SA Tehvandi Spordikeskus<\/strong><\/strong><\/p>\n\n\n\n<p><strong>Registrikood<\/strong>: 90007715<br><strong>KMKR<\/strong>: EE100942233<\/p>\n\n\n\n<div style=\"height:50px\" aria-hidden=\"true\" class=\"wp-block-spacer\"><\/div>\n\n\n\n<p><strong>Arveldusarved<\/strong>:<\/p>\n\n\n\n<p><strong><em>(SEB)<\/em><\/strong><br>EE171010220041128012 <br>SWIFT(BIC) &#8212; EEUHEE2X<\/p>\n\n\n\n<p><strong><em>(Swedbank)<\/em><\/strong><br>EE152200221026711932 <br>SWIFT(BIC) &#8212; HABAEE2X<\/p>\n<\/div>\n\n\n\n<div class=\"is-layout-flow wp-block-column\">\n<p><strong><strong>K\u00e4\u00e4riku Spordikeskus<\/strong>&nbsp;<\/strong><br>K\u00e4\u00e4riku 67309, Otep\u00e4\u00e4 vald. Eesti<\/p>\n\n\n\n<p><strong>Info ja broneerimine<\/strong>:<br>(+372) 766 560<\/p>\n\n\n\n<p><strong>E-mail<\/strong>:<br>kaariku@tehvandi.ee<\/p>\n\n\n\n<div style=\"height:100px\" aria-hidden=\"true\" class=\"wp-block-spacer\"><\/div>\n\n\n\n<div class=\"is-layout-flow wp-block-group\"><div class=\"wp-block-group__inner-container\">\n<div class=\"col-xs-12 col-md-12 col-lg-12\">\n\t\t\t<a href=\"https:\/\/www.facebook.com\/eestisporditreeningkeskus\" target=\"_blank\" rel=\"noopener\"><img decoding=\"async\" src=\"https:\/\/kaariku.ee\/wp-content\/themes\/kaariku\/img\/fb.png\"><\/a>\n\t\t\t<a href=\"https:\/\/twitter.com\/kaariku\" target=\"_blank\" rel=\"noopener\"><img decoding=\"async\" src=\"https:\/\/kaariku.ee\/wp-content\/themes\/kaariku\/img\/twitter.png\"><\/a>\n\t\t\t<a href=\"https:\/\/www.youtube.com\/user\/Kaariku\" target=\"_blank\" rel=\"noopener\"><img decoding=\"async\" src=\"https:\/\/kaariku.ee\/wp-content\/themes\/kaariku\/img\/youtube.png\"><\/a>\n\t\t<\/div>\n<\/div><\/div>\n<\/div>\n<\/div>\n<\/div><\/div>\n<\/div><\/div>\n<\/div><\/div>\n<\/div>\n<\/div>\n","protected":false},"excerpt":{"rendered":"<p>SA Tehvandi Spordikeskus Registrikood: 90007715KMKR: EE100942233 Arveldusarved: (SEB)EE171010220041128012 SWIFT(BIC) &#8212; EEUHEE2X (Swedbank)EE152200221026711932 &#8230;<\/p>\n","protected":false},"author":2,"featured_media":0,"parent":0,"menu_order":0,"comment_status":"closed","ping_status":"closed","template":"","meta":[],"acf":[],"_links":{"self":[{"href":"https:\/\/uus.kaariku.ee\/ru\/wp-json\/wp\/v2\/pages\/1382"}],"collection":[{"href":"https:\/\/uus.kaariku.ee\/ru\/wp-json\/wp\/v2\/pages"}],"about":[{"href":"https:\/\/uus.kaariku.ee\/ru\/wp-json\/wp\/v2\/types\/page"}],"author":[{"embeddable":true,"href":"https:\/\/uus.kaariku.ee\/ru\/wp-json\/wp\/v2\/users\/2"}],"replies":[{"embeddable":true,"href":"https:\/\/uus.kaariku.ee\/ru\/wp-json\/wp\/v2\/comments?post=1382"}],"version-history":[{"count":0,"href":"https:\/\/uus.kaariku.ee\/ru\/wp-json\/wp\/v2\/pages\/1382\/revisions"}],"wp:attachment":[{"href":"https:\/\/uus.kaariku.ee\/ru\/wp-json\/wp\/v2\/media?parent=1382"}],"curies":[{"name":"wp","href":"https:\/\/api.w.org\/{rel}","templated":true}]}}