{"id":2323,"date":"2023-01-04T08:34:01","date_gmt":"2023-01-04T08:34:01","guid":{"rendered":"https:\/\/uus.kaariku.ee\/broneeri-majutus\/"},"modified":"2023-01-04T16:04:20","modified_gmt":"2023-01-04T16:04:20","slug":"broneeri-majutus","status":"publish","type":"page","link":"https:\/\/uus.kaariku.ee\/ru\/broneeri-majutus\/","title":{"rendered":"\u0417\u0430\u0431\u0440\u043e\u043d\u0438\u0440\u0443\u0439\u0442\u0435 \u0440\u0430\u0437\u043c\u0435\u0449\u0435\u043d\u0438\u0435"},"content":{"rendered":"\n<p><strong>\u0410\u0434\u0440\u0435\u0441: <\/strong>K\u00e4\u00e4riku k\u00fcla, Valgamaa, Otep\u00e4\u00e4 vald, 67301 K\u00e4\u00e4riku, Eesti<br><strong>\u0418\u043d\u0444\u043e\u0440\u043c\u0430\u0446\u0438\u044f \u0438 \u0431\u0440\u043e\u043d\u0438\u0440\u043e\u0432\u0430\u043d\u0438\u0435:<\/strong> (+372) 766 560<br><strong>\u042d\u043b\u0435\u043a\u0442\u0440\u043e\u043d\u043d\u0430\u044f \u043f\u043e\u0447\u0442\u0430<\/strong>: kaariku@tehvandi.ee<\/p>\n\n\n\n<div class=\"wp-block-media-text alignwide is-stacked-on-mobile\" style=\"grid-template-columns:30% auto\"><figure class=\"wp-block-media-text__media\"><img decoding=\"async\" loading=\"lazy\" width=\"1024\" height=\"682\" src=\"https:\/\/kaariku.ee\/wp-content\/uploads\/2022\/09\/Kaariku-hotell-ja-spordihoone-1024x682.jpg\" alt=\"\" class=\"wp-image-683 size-full\" srcset=\"https:\/\/uus.kaariku.ee\/wp-content\/uploads\/2022\/09\/Kaariku-hotell-ja-spordihoone-1024x682.jpg 1024w, https:\/\/uus.kaariku.ee\/wp-content\/uploads\/2022\/09\/Kaariku-hotell-ja-spordihoone-300x200.jpg 300w, https:\/\/uus.kaariku.ee\/wp-content\/uploads\/2022\/09\/Kaariku-hotell-ja-spordihoone-768x512.jpg 768w, https:\/\/uus.kaariku.ee\/wp-content\/uploads\/2022\/09\/Kaariku-hotell-ja-spordihoone-1536x1023.jpg 1536w, https:\/\/uus.kaariku.ee\/wp-content\/uploads\/2022\/09\/Kaariku-hotell-ja-spordihoone-2048x1364.jpg 2048w, https:\/\/uus.kaariku.ee\/wp-content\/uploads\/2022\/09\/Kaariku-hotell-ja-spordihoone-500x333.jpg 500w\" sizes=\"(max-width: 1024px) 100vw, 1024px\" \/><\/figure><div class=\"wp-block-media-text__content\">\n<h2>\u041a\u044f\u044d\u0440\u0438\u043a\u0443 \u041e\u0442\u0435\u043b\u044c<\/h2>\n\n\n\n<p>\u041e\u0442\u0435\u043b\u044c K\u00e4\u00e4riku \u0441 \u043f\u0440\u0438\u043d\u0430\u0434\u043b\u0435\u0436\u043d\u043e\u0441\u0442\u044f\u043c\u0438 \u0434\u043b\u044f \u0431\u0430\u0440\u0431\u0435\u043a\u044e \u0438 \u043f\u0440\u044f\u043c\u044b\u043c \u0434\u043e\u0441\u0442\u0443\u043f\u043e\u043c \u043a \u043b\u044b\u0436\u043d\u044b\u043c \u0441\u043a\u043b\u043e\u043d\u0430\u043c \u0440\u0430\u0441\u043f\u043e\u043b\u043e\u0436\u0435\u043d \u0432 \u043f\u043e\u0441\u0435\u043b\u043a\u0435 \u041a\u044f\u044d\u0440\u0438\u043a\u0443. \u0412 \u043e\u0442\u0435\u043b\u0435 \u0440\u0430\u0431\u043e\u0442\u0430\u0435\u0442 \u0441\u043e\u0431\u0441\u0442\u0432\u0435\u043d\u043d\u044b\u0439 \u0441\u043d\u044d\u043a-\u0431\u0430\u0440.<\/p>\n\n\n<a href=\"https:\/\/www.booking.com\/hotel\/ee\/kaariku-spordikeskus.ru.html\" class=\"btn btn-primary side_bronn\" type=\"button\">\u0417\u0430\u0431\u0440\u043e\u043d\u0438\u0440\u0443\u0439\u0442\u0435 \u0440\u0430\u0437\u043c\u0435\u0449\u0435\u043d\u0438\u0435 \u043d\u0430 \u0441\u0430\u0439\u0442\u0435 Booking.com<\/a>\n<\/div><\/div>\n\n\n\n<div class=\"wp-block-media-text alignwide is-stacked-on-mobile\" style=\"grid-template-columns:30% auto\"><figure class=\"wp-block-media-text__media\"><img decoding=\"async\" loading=\"lazy\" width=\"1024\" height=\"682\" src=\"https:\/\/kaariku.ee\/wp-content\/uploads\/2022\/09\/sportland-1024x682.jpg\" alt=\"\" class=\"wp-image-299 size-full\" srcset=\"https:\/\/uus.kaariku.ee\/wp-content\/uploads\/2022\/09\/sportland-1024x682.jpg 1024w, https:\/\/uus.kaariku.ee\/wp-content\/uploads\/2022\/09\/sportland-300x200.jpg 300w, https:\/\/uus.kaariku.ee\/wp-content\/uploads\/2022\/09\/sportland-768x512.jpg 768w, https:\/\/uus.kaariku.ee\/wp-content\/uploads\/2022\/09\/sportland-1536x1023.jpg 1536w, https:\/\/uus.kaariku.ee\/wp-content\/uploads\/2022\/09\/sportland-500x333.jpg 500w, https:\/\/uus.kaariku.ee\/wp-content\/uploads\/2022\/09\/sportland.jpg 1726w\" sizes=\"(max-width: 1024px) 100vw, 1024px\" \/><\/figure><div class=\"wp-block-media-text__content\">\n<h2>\u041a\u043e\u043c\u0430\u043d\u0434\u043d\u0430\u044f \u043a\u0430\u0431\u0438\u043d\u0430<\/h2>\n\n\n\n<p>O\u0442\u043f\u0443\u0441\u043a\u043d\u043e\u0435 \u0436\u0438\u043b\u044c\u0435 \u0432 \u041e\u0442\u0435\u043f\u044f, \u0441 \u043e\u0431\u0449\u0438\u043c \u043b\u0430\u0443\u043d\u0434\u0436\u0435\u043c, \u0440\u0435\u0441\u0442\u043e\u0440\u0430\u043d\u043e\u043c \u0438 \u0447\u0430\u0441\u0442\u043d\u043e\u0439 \u043f\u0430\u0440\u043a\u043e\u0432\u043a\u043e\u0439. 6 \u0441\u043f\u0430\u043b\u0435\u043d, \u0433\u043e\u0441\u0442\u0438\u043d\u0430\u044f \u043a\u043e\u043c\u043d\u0430\u0442\u0430, \u043f\u043e\u043b\u043d\u043e\u0441\u0442\u044c\u044e \u043e\u0431\u043e\u0440\u0443\u0434\u043e\u0432\u0430\u043d\u043d\u0430\u044f \u043c\u0438\u043d\u0438-\u043a\u0443\u0445\u043d\u044f \u0438 7 \u0432\u0430\u043d\u043d\u044b\u0445 \u043a\u043e\u043c\u043d\u0430\u0442.<\/p>\n\n\n<a href=\"https:\/\/www.booking.com\/hotel\/ee\/kaariku-team-cabin.ru.html\" class=\"btn btn-primary side_bronn\" type=\"button\">\u0417\u0430\u0431\u0440\u043e\u043d\u0438\u0440\u0443\u0439\u0442\u0435 \u0440\u0430\u0437\u043c\u0435\u0449\u0435\u043d\u0438\u0435 \u043d\u0430 \u0441\u0430\u0439\u0442\u0435 Booking.com<\/a>\n<\/div><\/div>\n\n\n\n<div class=\"wp-block-media-text alignwide is-stacked-on-mobile\" style=\"grid-template-columns:30% auto\"><figure class=\"wp-block-media-text__media\"><img decoding=\"async\" loading=\"lazy\" width=\"1024\" height=\"684\" src=\"https:\/\/kaariku.ee\/wp-content\/uploads\/2022\/09\/DSC_1801-HDR-1024x684.jpg\" alt=\"\" class=\"wp-image-236 size-full\" srcset=\"https:\/\/uus.kaariku.ee\/wp-content\/uploads\/2022\/09\/DSC_1801-HDR-1024x684.jpg 1024w, https:\/\/uus.kaariku.ee\/wp-content\/uploads\/2022\/09\/DSC_1801-HDR-300x200.jpg 300w, https:\/\/uus.kaariku.ee\/wp-content\/uploads\/2022\/09\/DSC_1801-HDR-768x513.jpg 768w, https:\/\/uus.kaariku.ee\/wp-content\/uploads\/2022\/09\/DSC_1801-HDR-1536x1025.jpg 1536w, https:\/\/uus.kaariku.ee\/wp-content\/uploads\/2022\/09\/DSC_1801-HDR-500x334.jpg 500w, https:\/\/uus.kaariku.ee\/wp-content\/uploads\/2022\/09\/DSC_1801-HDR.jpg 2048w\" sizes=\"(max-width: 1024px) 100vw, 1024px\" \/><\/figure><div class=\"wp-block-media-text__content\">\n<h2>\u041a\u044f\u044d\u0440\u0438\u043a\u0443 \u0425\u043e\u0441\u0442\u0435\u043b<\/h2>\n\n\n\n<p>\u0425\u043e\u0441\u0442\u0435\u043b K\u00e4\u00e4riku \u0441 \u0442\u0435\u0440\u0440\u0430\u0441\u043e\u0439. \u041d\u0430 \u0442\u0435\u0440\u0440\u0438\u0442\u043e\u0440\u0438\u0438 \u0438\u043c\u0435\u0435\u0442\u0441\u044f \u0440\u0435\u0441\u0442\u043e\u0440\u0430\u043d, \u0440\u0435\u0441\u0435\u043f\u0448\u0435\u043d \u043e\u0442\u043a\u0440\u044b\u0442 \u043a\u0440\u0443\u0433\u043b\u043e\u0441\u0443\u0442\u043e\u0447\u043d\u043e, \u043e\u0431\u0449\u0438\u0439 \u0437\u0430\u043b \u043e\u0442\u0434\u044b\u0445\u0430 \u0438 \u0431\u0435\u0441\u043f\u043b\u0430\u0442\u043d\u043e\u0435 WiFi.<\/p>\n\n\n<a href=\"#\" class=\"btn btn-primary side_bronn\" type=\"button\">\u0417\u0430\u0431\u0440\u043e\u043d\u0438\u0440\u0443\u0439\u0442\u0435 \u0440\u0430\u0437\u043c\u0435\u0449\u0435\u043d\u0438\u0435 \u043d\u0430 \u0441\u0430\u0439\u0442\u0435 Booking.com<\/a>\n<\/div><\/div>\n\n\n\n<div class=\"wp-block-media-text alignwide is-stacked-on-mobile\" style=\"grid-template-columns:30% auto\"><figure class=\"wp-block-media-text__media\"><img decoding=\"async\" loading=\"lazy\" width=\"1024\" height=\"533\" src=\"https:\/\/kaariku.ee\/wp-content\/uploads\/2022\/10\/fp_bg_majutus-1024x533.jpg\" alt=\"\" class=\"wp-image-700 size-full\" srcset=\"https:\/\/uus.kaariku.ee\/wp-content\/uploads\/2022\/10\/fp_bg_majutus-1024x533.jpg 1024w, https:\/\/uus.kaariku.ee\/wp-content\/uploads\/2022\/10\/fp_bg_majutus-300x156.jpg 300w, https:\/\/uus.kaariku.ee\/wp-content\/uploads\/2022\/10\/fp_bg_majutus-768x400.jpg 768w, https:\/\/uus.kaariku.ee\/wp-content\/uploads\/2022\/10\/fp_bg_majutus-1536x800.jpg 1536w, https:\/\/uus.kaariku.ee\/wp-content\/uploads\/2022\/10\/fp_bg_majutus-500x260.jpg 500w, https:\/\/uus.kaariku.ee\/wp-content\/uploads\/2022\/10\/fp_bg_majutus.jpg 1920w\" sizes=\"(max-width: 1024px) 100vw, 1024px\" \/><\/figure><div class=\"wp-block-media-text__content\">\n<h2>K\u00e4\u00e4riku \u00d6\u00d6D H\u00d6TELS 1<\/h2>\n\n\n\n<p>\u0411\u0435\u0441\u043f\u043b\u0430\u0442\u043d\u0430\u044f \u0447\u0430\u0441\u0442\u043d\u0430\u044f \u043f\u0430\u0440\u043a\u043e\u0432\u043a\u0430. \u0412 \u0440\u0430\u0439\u043e\u043d\u0435 \u043c\u043e\u0436\u043d\u043e \u043e\u0442\u043f\u0440\u0430\u0432\u043b\u044f\u0442\u044c\u0441\u044f \u0432 \u043f\u043e\u0445\u043e\u0434\u044b \u0438 \u043b\u043e\u0432\u0438\u0442\u044c \u0440\u044b\u0431\u0443. \u041a\u043e\u043d\u0434\u0438\u0446\u0438\u043e\u043d\u0435\u0440 \u0438 1 \u0441\u043f\u0430\u043b\u044c\u043d\u044f. \u0418\u0437 \u0430\u043f\u0430\u0440\u0442\u0430\u043c\u0435\u043d\u0442\u0430 \u043c\u043e\u0436\u043d\u043e \u043d\u0435\u043f\u043e\u0441\u0440\u0435\u0434\u0441\u0442\u0432\u0435\u043d\u043d\u043e \u043f\u043e\u043f\u0430\u0441\u0442\u044c \u043d\u0430 \u0442\u0435\u0440\u0440\u0430\u0441\u0443. \u0422\u0430\u043a\u0436\u0435 \u0435\u0441\u0442\u044c \u0422\u0412 \u0441 \u043f\u043b\u043e\u0441\u043a\u0438\u043c \u044d\u043a\u0440\u0430\u043d\u043e\u043c.<\/p>\n\n\n<a href=\"https:\/\/www.booking.com\/hotel\/ee\/kaariku-ood-hotels-1.ru.html\" class=\"btn btn-primary side_bronn\" type=\"button\">\u0417\u0430\u0431\u0440\u043e\u043d\u0438\u0440\u0443\u0439\u0442\u0435 \u0440\u0430\u0437\u043c\u0435\u0449\u0435\u043d\u0438\u0435 \u043d\u0430 \u0441\u0430\u0439\u0442\u0435 Booking.com<\/a>\n<\/div><\/div>\n\n\n\n<div class=\"wp-block-media-text alignwide is-stacked-on-mobile\" style=\"grid-template-columns:30% auto\"><figure class=\"wp-block-media-text__media\"><img decoding=\"async\" loading=\"lazy\" width=\"1024\" height=\"533\" src=\"https:\/\/kaariku.ee\/wp-content\/uploads\/2022\/10\/fp_bg_majutus-1024x533.jpg\" alt=\"\" class=\"wp-image-700 size-full\" srcset=\"https:\/\/uus.kaariku.ee\/wp-content\/uploads\/2022\/10\/fp_bg_majutus-1024x533.jpg 1024w, https:\/\/uus.kaariku.ee\/wp-content\/uploads\/2022\/10\/fp_bg_majutus-300x156.jpg 300w, https:\/\/uus.kaariku.ee\/wp-content\/uploads\/2022\/10\/fp_bg_majutus-768x400.jpg 768w, https:\/\/uus.kaariku.ee\/wp-content\/uploads\/2022\/10\/fp_bg_majutus-1536x800.jpg 1536w, https:\/\/uus.kaariku.ee\/wp-content\/uploads\/2022\/10\/fp_bg_majutus-500x260.jpg 500w, https:\/\/uus.kaariku.ee\/wp-content\/uploads\/2022\/10\/fp_bg_majutus.jpg 1920w\" sizes=\"(max-width: 1024px) 100vw, 1024px\" \/><\/figure><div class=\"wp-block-media-text__content\">\n<h2>K\u00e4\u00e4riku \u00d6\u00d6D H\u00d6TELS 2<\/h2>\n\n\n\n<p>\u0422\u0435\u0440\u0440\u0430\u0441\u0430 \u0438 \u043c\u0435\u0441\u0442\u043e \u0434\u043b\u044f \u0431\u0430\u0440\u0431\u0435\u043a\u044e \u043f\u043e\u0437\u0432\u043e\u043b\u044f\u044e\u0442 \u0433\u043e\u0442\u043e\u0432\u0438\u0442\u044c \u0435\u0434\u0443 \u0441\u0430\u043c\u043e\u0441\u0442\u043e\u044f\u0442\u0435\u043b\u044c\u043d\u043e \u0438 \u043d\u0430\u0441\u043b\u0430\u0436\u0434\u0430\u0442\u044c\u0441\u044f \u043a\u0440\u0430\u0441\u043e\u0442\u0430\u043c\u0438 \u043f\u0440\u0438\u0440\u043e\u0434\u044b.<\/p>\n\n\n<a href=\"https:\/\/www.booking.com\/hotel\/ee\/kaariku-ood-hotels-2.ru.html\" class=\"btn btn-primary side_bronn\" type=\"button\">\u0417\u0430\u0431\u0440\u043e\u043d\u0438\u0440\u0443\u0439\u0442\u0435 \u0440\u0430\u0437\u043c\u0435\u0449\u0435\u043d\u0438\u0435 \u043d\u0430 \u0441\u0430\u0439\u0442\u0435 Booking.com<\/a>\n<\/div><\/div>\n","protected":false},"excerpt":{"rendered":"<p>\u0410\u0434\u0440\u0435\u0441: K\u00e4\u00e4riku k\u00fcla, Valgamaa, Otep\u00e4\u00e4 vald, 67301 K\u00e4\u00e4riku, Eesti\u0418\u043d\u0444\u043e\u0440\u043c\u0430\u0446\u0438\u044f \u0438 \u0431\u0440\u043e\u043d\u0438\u0440\u043e\u0432\u0430\u043d\u0438\u0435: (+372) &#8230;<\/p>\n","protected":false},"author":2,"featured_media":1308,"parent":0,"menu_order":0,"comment_status":"closed","ping_status":"closed","template":"","meta":[],"acf":[],"_links":{"self":[{"href":"https:\/\/uus.kaariku.ee\/ru\/wp-json\/wp\/v2\/pages\/2323"}],"collection":[{"href":"https:\/\/uus.kaariku.ee\/ru\/wp-json\/wp\/v2\/pages"}],"about":[{"href":"https:\/\/uus.kaariku.ee\/ru\/wp-json\/wp\/v2\/types\/page"}],"author":[{"embeddable":true,"href":"https:\/\/uus.kaariku.ee\/ru\/wp-json\/wp\/v2\/users\/2"}],"replies":[{"embeddable":true,"href":"https:\/\/uus.kaariku.ee\/ru\/wp-json\/wp\/v2\/comments?post=2323"}],"version-history":[{"count":7,"href":"https:\/\/uus.kaariku.ee\/ru\/wp-json\/wp\/v2\/pages\/2323\/revisions"}],"predecessor-version":[{"id":2354,"href":"https:\/\/uus.kaariku.ee\/ru\/wp-json\/wp\/v2\/pages\/2323\/revisions\/2354"}],"wp:featuredmedia":[{"embeddable":true,"href":"https:\/\/uus.kaariku.ee\/ru\/wp-json\/wp\/v2\/media\/1308"}],"wp:attachment":[{"href":"https:\/\/uus.kaariku.ee\/ru\/wp-json\/wp\/v2\/media?parent=2323"}],"curies":[{"name":"wp","href":"https:\/\/api.w.org\/{rel}","templated":true}]}}